{"id":1617,"date":"2017-11-17T11:20:30","date_gmt":"2017-11-17T10:20:30","guid":{"rendered":"http:\/\/esr-plongee.fr\/WP\/?page_id=1617"},"modified":"2025-09-22T20:41:52","modified_gmt":"2025-09-22T19:41:52","slug":"la-psp","status":"publish","type":"page","link":"https:\/\/esr-plongee.fr\/WP\/la-psp\/","title":{"rendered":"La PSP"},"content":{"rendered":"<p>La plong\u00e9e sportive en piscine (<strong>PSP<\/strong>) est un sport qui utilise l&#8217;\u00e9quipement habituel de la plong\u00e9e sous-marine dans le cadre d&#8217;\u00e9preuves chronom\u00e9tr\u00e9es, individuelles ou par \u00e9quipes, r\u00e9alis\u00e9es en piscine&nbsp;qui exigent une bonne ma\u00eetrise de ses d\u00e9placements aquatiques ainsi que vitesse et dext\u00e9rit\u00e9 .<\/p>\n<p>Cette discipline sportive permet d&#8217;allier les aspects ludiques de la plong\u00e9e dans un cadre comp\u00e9titif.<\/p>\n<p><strong style=\"color: dodgerblue;\">Un peu d\u2019historique&nbsp;:<\/strong><br \/>\nLa cr\u00e9ation de cette discipline est attribu\u00e9e \u00e0 Marif\u00e9 Abad, en Espagne, qui l&#8217;a formalis\u00e9e et d\u00e9velopp\u00e9e entre 1998 et 2000. La premi\u00e8re comp\u00e9tition a \u00e9t\u00e9 organis\u00e9e \u00e0 Zaragoza en Espagne en 2000.<\/p>\n<p>La discipline est introduite \u00e0 l&#8217;assembl\u00e9e g\u00e9n\u00e9rale de la CMAS en 2005 lors de sa tenue \u00e0 S\u00e9ville. En 2007, la PSP a un statut de discipline en d\u00e9monstration lors du championnat du monde des activit\u00e9s sportives de la CMAS \u00e0 Bari. Cette m\u00eame ann\u00e9e, Anna Herznova, Pr\u00e9sidente du comit\u00e9 sportif de la CMAS, organise un meeting de d\u00e9monstration afin de faire reconna\u00eetre la PSP comme une discipline \u00e0 part enti\u00e8re. Elle sera enfin reconnue en 2008 et incluse dans les statuts officiels lors son assembl\u00e9e g\u00e9n\u00e9rale organis\u00e9e \u00e0 Hurghada en \u00c9gypte.<\/p>\n<p>Le Comit\u00e9 Directeur National (CDN) de la FFESSM a \u00e9tudi\u00e9 le d\u00e9veloppement de la discipline en juin 2009 puis sensibilis\u00e9 les diff\u00e9rents membres des instances dirigeantes en octobre 2010.<\/p>\n<p>La commission Plong\u00e9e Sportive en Piscine a \u00e9t\u00e9 officiellement cr\u00e9\u00e9e au sein de la FFESSM le 11 octobre 2014 par son Comit\u00e9 Directeur National.<\/p>\n<p><strong style=\"color: dodgerblue;\">La PSP \u00e0 l&#8217;ESR<\/strong><\/p>\n<p>Dans le cadre de la FFESSM, le r\u00e8glement des \u00e9preuves de plong\u00e9e sportive en piscine, valid\u00e9 au CDN le 18 octobre 2015,&nbsp;d\u00e9finit sept \u00e9preuves :<\/p>\n<ul>\n<li>100 m\u00e8tres immersion<img data-recalc-dims=\"1\" loading=\"lazy\" decoding=\"async\" data-attachment-id=\"1624\" data-permalink=\"https:\/\/esr-plongee.fr\/WP\/la-psp\/psp2\/\" data-orig-file=\"https:\/\/i0.wp.com\/esr-plongee.fr\/WP\/wp-content\/uploads\/Burocracie\/PSP2.jpg?fit=587%2C391&amp;ssl=1\" data-orig-size=\"587,391\" data-comments-opened=\"1\" data-image-meta=\"{&quot;aperture&quot;:&quot;0&quot;,&quot;credit&quot;:&quot;&quot;,&quot;camera&quot;:&quot;&quot;,&quot;caption&quot;:&quot;&quot;,&quot;created_timestamp&quot;:&quot;0&quot;,&quot;copyright&quot;:&quot;&quot;,&quot;focal_length&quot;:&quot;0&quot;,&quot;iso&quot;:&quot;0&quot;,&quot;shutter_speed&quot;:&quot;0&quot;,&quot;title&quot;:&quot;&quot;,&quot;orientation&quot;:&quot;0&quot;}\" data-image-title=\"PSP2\" data-image-description=\"\" data-image-caption=\"\" data-large-file=\"https:\/\/i0.wp.com\/esr-plongee.fr\/WP\/wp-content\/uploads\/Burocracie\/PSP2.jpg?fit=474%2C316&amp;ssl=1\" class=\" wp-image-1624 alignright\" src=\"https:\/\/i0.wp.com\/esr-plongee.fr\/WP\/wp-content\/uploads\/Burocracie\/PSP2.jpg?resize=204%2C136&#038;ssl=1\" alt=\"\" width=\"204\" height=\"136\" srcset=\"https:\/\/i0.wp.com\/esr-plongee.fr\/WP\/wp-content\/uploads\/Burocracie\/PSP2.jpg?resize=300%2C200&amp;ssl=1 300w, https:\/\/i0.wp.com\/esr-plongee.fr\/WP\/wp-content\/uploads\/Burocracie\/PSP2.jpg?w=587&amp;ssl=1 587w\" sizes=\"auto, (max-width: 204px) 100vw, 204px\" \/><\/li>\n<li>200 m\u00e8tres d\u00e9caplage &#8211; Trial<\/li>\n<li>\u00c9mersion d&#8217;un objet &#8211; Parachute<\/li>\n<li>Octopus bi-bouteille et mono-bouteille<\/li>\n<li>Combin\u00e9<\/li>\n<li>Relais 4 x 50 m\u00e8tres<\/li>\n<li>Scaphandre nocturne<\/li>\n<\/ul>\n<p>Depuis la rentr\u00e9e 2017, le club propose cette activit\u00e9 pour diversifier ses activit\u00e9s et permettre un \u00e9panouissement suppl\u00e9mentaire dans la plong\u00e9e avec scaphandre.<\/p>\n<p>Lors des s\u00e9ances, des gestes techniques sont enseign\u00e9s, peaufin\u00e9s, perform\u00e9s pour finir par un atelier sur une des 7 \u00e9preuves.<\/p>\n<p>Venez go\u00fbter \u00e0 cette nouvelle discipline \u2026 vous en deviendrez mordu et surtout b\u00e9n\u00e9ficierez d\u2019une \u00ab&nbsp;aquaticit\u00e9&nbsp;\u00bb am\u00e9lior\u00e9e.<\/p>\n<p>Pour connaitre les modalit\u00e9s d&#8217;inscription :&nbsp;<a href=\"https:\/\/esr-plongee.fr\/WP\/club\/inscription\/\" target=\"_blank\" rel=\"noopener\">Modalit\u00e9s inscription<\/a><\/p>\n","protected":false},"excerpt":{"rendered":"<p>La plong\u00e9e sportive en piscine (PSP) est un sport qui utilise l&#8217;\u00e9quipement habituel de la plong\u00e9e sous-marine dans le cadre d&#8217;\u00e9preuves chronom\u00e9tr\u00e9es, individuelles ou par \u00e9quipes, r\u00e9alis\u00e9es en piscine&nbsp;qui exigent une bonne ma\u00eetrise de ses d\u00e9placements aquatiques ainsi que vitesse et dext\u00e9rit\u00e9 . Cette discipline sportive permet d&#8217;allier les aspects ludiques de la plong\u00e9e dans &hellip; <a href=\"https:\/\/esr-plongee.fr\/WP\/la-psp\/\" class=\"more-link\">Continuer la lecture de <span class=\"screen-reader-text\">La PSP<\/span>  <span class=\"meta-nav\">&rarr;<\/span><\/a><\/p>\n","protected":false},"author":15,"featured_media":1627,"parent":0,"menu_order":0,"comment_status":"closed","ping_status":"closed","template":"","meta":{"_bbp_topic_count":0,"_bbp_reply_count":0,"_bbp_total_topic_count":0,"_bbp_total_reply_count":0,"_bbp_voice_count":0,"_bbp_anonymous_reply_count":0,"_bbp_topic_count_hidden":0,"_bbp_reply_count_hidden":0,"_bbp_forum_subforum_count":0,"jetpack_post_was_ever_published":false,"footnotes":""},"class_list":["post-1617","page","type-page","status-publish","has-post-thumbnail","hentry"],"jetpack_sharing_enabled":true,"jetpack_shortlink":"https:\/\/wp.me\/P6UHQu-q5","jetpack_likes_enabled":true,"post_mailing_queue_ids":[],"_links":{"self":[{"href":"https:\/\/esr-plongee.fr\/WP\/wp-json\/wp\/v2\/pages\/1617","targetHints":{"allow":["GET"]}}],"collection":[{"href":"https:\/\/esr-plongee.fr\/WP\/wp-json\/wp\/v2\/pages"}],"about":[{"href":"https:\/\/esr-plongee.fr\/WP\/wp-json\/wp\/v2\/types\/page"}],"author":[{"embeddable":true,"href":"https:\/\/esr-plongee.fr\/WP\/wp-json\/wp\/v2\/users\/15"}],"replies":[{"embeddable":true,"href":"https:\/\/esr-plongee.fr\/WP\/wp-json\/wp\/v2\/comments?post=1617"}],"version-history":[{"count":11,"href":"https:\/\/esr-plongee.fr\/WP\/wp-json\/wp\/v2\/pages\/1617\/revisions"}],"predecessor-version":[{"id":2023,"href":"https:\/\/esr-plongee.fr\/WP\/wp-json\/wp\/v2\/pages\/1617\/revisions\/2023"}],"wp:featuredmedia":[{"embeddable":true,"href":"https:\/\/esr-plongee.fr\/WP\/wp-json\/wp\/v2\/media\/1627"}],"wp:attachment":[{"href":"https:\/\/esr-plongee.fr\/WP\/wp-json\/wp\/v2\/media?parent=1617"}],"curies":[{"name":"wp","href":"https:\/\/api.w.org\/{rel}","templated":true}]}}