{"id":2025,"date":"2022-09-10T22:31:08","date_gmt":"2022-09-10T21:31:08","guid":{"rendered":"http:\/\/esr-plongee.fr\/WP\/?page_id=2025"},"modified":"2025-09-22T21:18:51","modified_gmt":"2025-09-22T20:18:51","slug":"la-bio","status":"publish","type":"page","link":"https:\/\/esr-plongee.fr\/WP\/la-bio\/","title":{"rendered":"La Bio"},"content":{"rendered":"\n<p><\/p>\n\n\n<div class=\"wp-block-image\">\n<figure class=\"aligncenter size-full\"><img data-recalc-dims=\"1\" loading=\"lazy\" decoding=\"async\" width=\"474\" height=\"477\" data-attachment-id=\"2029\" data-permalink=\"https:\/\/esr-plongee.fr\/WP\/la-bio\/usg6_carte_apercu_biodiversite_petit\/\" data-orig-file=\"https:\/\/i0.wp.com\/esr-plongee.fr\/WP\/wp-content\/uploads\/2022\/09\/usg6_carte_apercu_biodiversite_petit.jpg?fit=945%2C951&amp;ssl=1\" data-orig-size=\"945,951\" data-comments-opened=\"1\" data-image-meta=\"{&quot;aperture&quot;:&quot;0&quot;,&quot;credit&quot;:&quot;&quot;,&quot;camera&quot;:&quot;&quot;,&quot;caption&quot;:&quot;&quot;,&quot;created_timestamp&quot;:&quot;0&quot;,&quot;copyright&quot;:&quot;&quot;,&quot;focal_length&quot;:&quot;0&quot;,&quot;iso&quot;:&quot;0&quot;,&quot;shutter_speed&quot;:&quot;0&quot;,&quot;title&quot;:&quot;&quot;,&quot;orientation&quot;:&quot;1&quot;}\" data-image-title=\"usg6_carte_apercu_biodiversite_petit\" data-image-description=\"\" data-image-caption=\"\" data-large-file=\"https:\/\/i0.wp.com\/esr-plongee.fr\/WP\/wp-content\/uploads\/2022\/09\/usg6_carte_apercu_biodiversite_petit.jpg?fit=474%2C477&amp;ssl=1\" src=\"https:\/\/i0.wp.com\/esr-plongee.fr\/WP\/wp-content\/uploads\/2022\/09\/usg6_carte_apercu_biodiversite_petit.jpg?resize=474%2C477&#038;ssl=1\" alt=\"\" class=\"wp-image-2029\" srcset=\"https:\/\/i0.wp.com\/esr-plongee.fr\/WP\/wp-content\/uploads\/2022\/09\/usg6_carte_apercu_biodiversite_petit.jpg?w=945&amp;ssl=1 945w, https:\/\/i0.wp.com\/esr-plongee.fr\/WP\/wp-content\/uploads\/2022\/09\/usg6_carte_apercu_biodiversite_petit.jpg?resize=298%2C300&amp;ssl=1 298w, https:\/\/i0.wp.com\/esr-plongee.fr\/WP\/wp-content\/uploads\/2022\/09\/usg6_carte_apercu_biodiversite_petit.jpg?resize=150%2C150&amp;ssl=1 150w\" sizes=\"auto, (max-width: 474px) 100vw, 474px\" \/><\/figure>\n<\/div>\n\n\n<p>Fiche #1 :<\/p>\n\n\n\n<p>Fiche #2 : <a href=\"https:\/\/drive.google.com\/file\/d\/1F-EoUe5nm4OLvROeu3WAPc99rkSLeT5h\/view?usp=sharing\" data-type=\"URL\" data-id=\"https:\/\/drive.google.com\/file\/d\/1F-EoUe5nm4OLvROeu3WAPc99rkSLeT5h\/view?usp=sharing\">Les v\u00e9g\u00e9taux<\/a><\/p>\n\n\n\n<p>Fiche #3 : <a href=\"https:\/\/drive.google.com\/file\/d\/1xOkH_-CBPcIZMntnb_kTetHBvtGZnH0j\/view?usp=sharing\" data-type=\"URL\" data-id=\"https:\/\/drive.google.com\/file\/d\/1xOkH_-CBPcIZMntnb_kTetHBvtGZnH0j\/view?usp=sharing\">Les \u00e9ponges<\/a><\/p>\n\n\n\n<p>Fiche #4 : <a href=\"https:\/\/drive.google.com\/file\/d\/1wQGrZfcI62_cEdAgqDx8U7rKXG8Eq5rg\/view?usp=sharing\" data-type=\"URL\" data-id=\"https:\/\/drive.google.com\/file\/d\/1wQGrZfcI62_cEdAgqDx8U7rKXG8Eq5rg\/view?usp=sharing\">Les mollusques<\/a><\/p>\n\n\n\n<p>Fiche # : en cours <\/p>\n","protected":false},"excerpt":{"rendered":"<p>Fiche #1 : Fiche #2 : Les v\u00e9g\u00e9taux Fiche #3 : Les \u00e9ponges Fiche #4 : Les mollusques Fiche # : en cours<\/p>\n","protected":false},"author":1,"featured_media":3052,"parent":0,"menu_order":0,"comment_status":"closed","ping_status":"closed","template":"","meta":{"_bbp_topic_count":0,"_bbp_reply_count":0,"_bbp_total_topic_count":0,"_bbp_total_reply_count":0,"_bbp_voice_count":0,"_bbp_anonymous_reply_count":0,"_bbp_topic_count_hidden":0,"_bbp_reply_count_hidden":0,"_bbp_forum_subforum_count":0,"jetpack_post_was_ever_published":false,"footnotes":""},"class_list":["post-2025","page","type-page","status-publish","has-post-thumbnail","hentry"],"jetpack_sharing_enabled":true,"jetpack_shortlink":"https:\/\/wp.me\/P6UHQu-wF","jetpack_likes_enabled":true,"post_mailing_queue_ids":[],"_links":{"self":[{"href":"https:\/\/esr-plongee.fr\/WP\/wp-json\/wp\/v2\/pages\/2025","targetHints":{"allow":["GET"]}}],"collection":[{"href":"https:\/\/esr-plongee.fr\/WP\/wp-json\/wp\/v2\/pages"}],"about":[{"href":"https:\/\/esr-plongee.fr\/WP\/wp-json\/wp\/v2\/types\/page"}],"author":[{"embeddable":true,"href":"https:\/\/esr-plongee.fr\/WP\/wp-json\/wp\/v2\/users\/1"}],"replies":[{"embeddable":true,"href":"https:\/\/esr-plongee.fr\/WP\/wp-json\/wp\/v2\/comments?post=2025"}],"version-history":[{"count":4,"href":"https:\/\/esr-plongee.fr\/WP\/wp-json\/wp\/v2\/pages\/2025\/revisions"}],"predecessor-version":[{"id":2516,"href":"https:\/\/esr-plongee.fr\/WP\/wp-json\/wp\/v2\/pages\/2025\/revisions\/2516"}],"wp:featuredmedia":[{"embeddable":true,"href":"https:\/\/esr-plongee.fr\/WP\/wp-json\/wp\/v2\/media\/3052"}],"wp:attachment":[{"href":"https:\/\/esr-plongee.fr\/WP\/wp-json\/wp\/v2\/media?parent=2025"}],"curies":[{"name":"wp","href":"https:\/\/api.w.org\/{rel}","templated":true}]}}