{"id":2431,"date":"2023-07-06T21:52:28","date_gmt":"2023-07-06T20:52:28","guid":{"rendered":"https:\/\/esr-plongee.fr\/WP\/?page_id=2431"},"modified":"2025-09-22T20:41:52","modified_gmt":"2025-09-22T19:41:52","slug":"la-descente-de-riviere","status":"publish","type":"page","link":"https:\/\/esr-plongee.fr\/WP\/la-descente-de-riviere\/","title":{"rendered":"La descente de rivi\u00e8re"},"content":{"rendered":"\n<p>Quand la plong\u00e9e et l&#8217;apn\u00e9e ne sont plus de saison, il nous arrive de faire trempette dans les rivi\u00e8res de la r\u00e9gion.<\/p>\n\n\n\n<p>C&#8217;est tr\u00e8s simple, on s&#8217;\u00e9quipe comme si on allait plonger mais sans le bloc \ud83d\ude09<\/p>\n\n\n\n<p>C&#8217;est une activit\u00e9 calme, bon enfant et qui nous permet de nous r\u00e9unir et de partager un bon moment.<\/p>\n\n\n\n<figure class=\"wp-block-image size-large\"><img data-recalc-dims=\"1\" loading=\"lazy\" decoding=\"async\" width=\"474\" height=\"304\" data-attachment-id=\"2432\" data-permalink=\"https:\/\/esr-plongee.fr\/WP\/la-descente-de-riviere\/image\/\" data-orig-file=\"https:\/\/i0.wp.com\/esr-plongee.fr\/WP\/wp-content\/uploads\/2023\/07\/image.png?fit=1562%2C1000&amp;ssl=1\" data-orig-size=\"1562,1000\" data-comments-opened=\"1\" data-image-meta=\"{&quot;aperture&quot;:&quot;0&quot;,&quot;credit&quot;:&quot;&quot;,&quot;camera&quot;:&quot;&quot;,&quot;caption&quot;:&quot;&quot;,&quot;created_timestamp&quot;:&quot;0&quot;,&quot;copyright&quot;:&quot;&quot;,&quot;focal_length&quot;:&quot;0&quot;,&quot;iso&quot;:&quot;0&quot;,&quot;shutter_speed&quot;:&quot;0&quot;,&quot;title&quot;:&quot;&quot;,&quot;orientation&quot;:&quot;0&quot;}\" data-image-title=\"image\" data-image-description=\"\" data-image-caption=\"\" data-large-file=\"https:\/\/i0.wp.com\/esr-plongee.fr\/WP\/wp-content\/uploads\/2023\/07\/image.png?fit=474%2C304&amp;ssl=1\" src=\"https:\/\/i0.wp.com\/esr-plongee.fr\/WP\/wp-content\/uploads\/2023\/07\/image.png?resize=474%2C304&#038;ssl=1\" alt=\"\" class=\"wp-image-2432\" srcset=\"https:\/\/i0.wp.com\/esr-plongee.fr\/WP\/wp-content\/uploads\/2023\/07\/image.png?resize=1024%2C656&amp;ssl=1 1024w, https:\/\/i0.wp.com\/esr-plongee.fr\/WP\/wp-content\/uploads\/2023\/07\/image.png?resize=300%2C192&amp;ssl=1 300w, https:\/\/i0.wp.com\/esr-plongee.fr\/WP\/wp-content\/uploads\/2023\/07\/image.png?resize=1536%2C983&amp;ssl=1 1536w, https:\/\/i0.wp.com\/esr-plongee.fr\/WP\/wp-content\/uploads\/2023\/07\/image.png?w=1562&amp;ssl=1 1562w, https:\/\/i0.wp.com\/esr-plongee.fr\/WP\/wp-content\/uploads\/2023\/07\/image.png?w=948&amp;ssl=1 948w, https:\/\/i0.wp.com\/esr-plongee.fr\/WP\/wp-content\/uploads\/2023\/07\/image.png?w=1422&amp;ssl=1 1422w\" sizes=\"auto, (max-width: 474px) 100vw, 474px\" \/><\/figure>\n","protected":false},"excerpt":{"rendered":"<p>Quand la plong\u00e9e et l&#8217;apn\u00e9e ne sont plus de saison, il nous arrive de faire trempette dans les rivi\u00e8res de la r\u00e9gion. C&#8217;est tr\u00e8s simple, on s&#8217;\u00e9quipe comme si on allait plonger mais sans le bloc \ud83d\ude09 C&#8217;est une activit\u00e9 calme, bon enfant et qui nous permet de nous r\u00e9unir et de partager un bon &hellip; <a href=\"https:\/\/esr-plongee.fr\/WP\/la-descente-de-riviere\/\" class=\"more-link\">Continuer la lecture de <span class=\"screen-reader-text\">La descente de rivi\u00e8re<\/span>  <span class=\"meta-nav\">&rarr;<\/span><\/a><\/p>\n","protected":false},"author":1,"featured_media":0,"parent":0,"menu_order":0,"comment_status":"closed","ping_status":"closed","template":"","meta":{"_bbp_topic_count":0,"_bbp_reply_count":0,"_bbp_total_topic_count":0,"_bbp_total_reply_count":0,"_bbp_voice_count":0,"_bbp_anonymous_reply_count":0,"_bbp_topic_count_hidden":0,"_bbp_reply_count_hidden":0,"_bbp_forum_subforum_count":0,"jetpack_post_was_ever_published":false,"footnotes":""},"class_list":["post-2431","page","type-page","status-publish","hentry"],"jetpack_sharing_enabled":true,"jetpack_shortlink":"https:\/\/wp.me\/P6UHQu-Dd","jetpack_likes_enabled":true,"post_mailing_queue_ids":[],"_links":{"self":[{"href":"https:\/\/esr-plongee.fr\/WP\/wp-json\/wp\/v2\/pages\/2431","targetHints":{"allow":["GET"]}}],"collection":[{"href":"https:\/\/esr-plongee.fr\/WP\/wp-json\/wp\/v2\/pages"}],"about":[{"href":"https:\/\/esr-plongee.fr\/WP\/wp-json\/wp\/v2\/types\/page"}],"author":[{"embeddable":true,"href":"https:\/\/esr-plongee.fr\/WP\/wp-json\/wp\/v2\/users\/1"}],"replies":[{"embeddable":true,"href":"https:\/\/esr-plongee.fr\/WP\/wp-json\/wp\/v2\/comments?post=2431"}],"version-history":[{"count":1,"href":"https:\/\/esr-plongee.fr\/WP\/wp-json\/wp\/v2\/pages\/2431\/revisions"}],"predecessor-version":[{"id":2433,"href":"https:\/\/esr-plongee.fr\/WP\/wp-json\/wp\/v2\/pages\/2431\/revisions\/2433"}],"wp:attachment":[{"href":"https:\/\/esr-plongee.fr\/WP\/wp-json\/wp\/v2\/media?parent=2431"}],"curies":[{"name":"wp","href":"https:\/\/api.w.org\/{rel}","templated":true}]}}