{"id":410,"date":"2016-03-05T18:49:50","date_gmt":"2016-03-05T17:49:50","guid":{"rendered":"http:\/\/esr-plongee.fr\/WP\/?page_id=410"},"modified":"2025-09-22T21:25:49","modified_gmt":"2025-09-22T20:25:49","slug":"esrplongee","status":"publish","type":"page","link":"https:\/\/esr-plongee.fr\/WP\/","title":{"rendered":"ESRG Plong\u00e9e"},"content":{"rendered":"<p>Le club de plong\u00e9e sous-marine de l\u2019ESRG est l&#8217;un des plus anciens de la r\u00e9gion Parisienne, cr\u00e9\u00e9 en 1968. Une section apn\u00e9e s\u2019est ouverte en 2012 et s\u2019est rapidement d\u00e9velopp\u00e9e. Plus r\u00e9cemment, en 2017, l&#8217;activit\u00e9 PSP (Plong\u00e9e Sportive en Piscine) prend son essor&#8230;\u00a0<\/p>\n<p>La philosophie du club reste inchang\u00e9e : nous avons pour objectif la pratique et le d\u00e9veloppement de la plong\u00e9e subaquatique, dans le respect de la conservation de la faune, de la flore et des richesses sous-marines.\u00a0<\/p>\n<p>Nos moniteurs b\u00e9n\u00e9voles comp\u00e9tents et passionn\u00e9s forment des plongeurs de tous les niveaux \u00e0 partir de 14 ans. La formation se d\u00e9roule au cours de l&#8217;ann\u00e9e scolaire \u00e0 la <a href=\"https:\/\/www.google.fr\/maps\/place\/Piscine+Guy+Bey\/@48.8069644,2.242316,17z\/data=!3m1!4b1!4m6!3m5!1s0x47e67bed5826315b:0xd46925506efed66b!8m2!3d48.8069644!4d2.2448909!16s%2Fg%2F11kqrhr3b5?entry=ttu&amp;g_ep=EgoyMDI1MDkxNy4wIKXMDSoASAFQAw%3D%3D\">piscine municipale de Meudon Guy Bey<\/a>, o\u00f9 s&#8217;acqui\u00e8rent les gestes techniques de base.<\/p>\n<p>La section organise des sorties en mer permettant \u00e0 ses adh\u00e9rents de mettre en \u0153uvre leurs aptitudes, d\u00e9velopper leur aisance, et surtout profiter des splendeurs sous-marines.<\/p>\n<h3><strong><span style=\"color: #000080;\">Le plaisir est sous l&#8217;eau, en toute humilit\u00e9 dans cet univers merveilleux et fragile. Nous vous invitons \u00e0 garder vos yeux d&#8217;enfants et \u00eatre tout \u00e0 votre&#8230;<\/span><\/strong><\/h3>\n<p>Restons en contact sur le <a href=\"https:\/\/www.facebook.com\/groups\/758016440969385\">Facebook de l&#8217;ESRG<\/a><\/p>\n\n\n<p>Pour toutes informations, vous pouvez contacter Olivier Lehoux \u00e0 l&#8217;adresse mail : Olivier.lehoux@renault.com<\/p>\n\n\n\n<p><\/p>\n\n\n\n<p><\/p>\n\n\n\n<p><\/p>\n\n\n\n<p><\/p>\n","protected":false},"excerpt":{"rendered":"<p>Le club de plong\u00e9e sous-marine de l\u2019ESRG est l&#8217;un des plus anciens de la r\u00e9gion Parisienne, cr\u00e9\u00e9 en 1968. Une section apn\u00e9e s\u2019est ouverte en 2012 et s\u2019est rapidement d\u00e9velopp\u00e9e. Plus r\u00e9cemment, en 2017, l&#8217;activit\u00e9 PSP (Plong\u00e9e Sportive en Piscine) prend son essor&#8230;\u00a0 La philosophie du club reste inchang\u00e9e : nous avons pour objectif la &hellip; <a href=\"https:\/\/esr-plongee.fr\/WP\/\" class=\"more-link\">Continuer la lecture de <span class=\"screen-reader-text\">ESRG Plong\u00e9e<\/span>  <span class=\"meta-nav\">&rarr;<\/span><\/a><\/p>\n","protected":false},"author":1,"featured_media":3048,"parent":0,"menu_order":0,"comment_status":"closed","ping_status":"closed","template":"","meta":{"_bbp_topic_count":0,"_bbp_reply_count":0,"_bbp_total_topic_count":0,"_bbp_total_reply_count":0,"_bbp_voice_count":0,"_bbp_anonymous_reply_count":0,"_bbp_topic_count_hidden":0,"_bbp_reply_count_hidden":0,"_bbp_forum_subforum_count":0,"footnotes":""},"class_list":["post-410","page","type-page","status-publish","has-post-thumbnail","hentry"],"jetpack_sharing_enabled":true,"jetpack_shortlink":"https:\/\/wp.me\/P6UHQu-6C","jetpack_likes_enabled":true,"post_mailing_queue_ids":[],"_links":{"self":[{"href":"https:\/\/esr-plongee.fr\/WP\/wp-json\/wp\/v2\/pages\/410","targetHints":{"allow":["GET"]}}],"collection":[{"href":"https:\/\/esr-plongee.fr\/WP\/wp-json\/wp\/v2\/pages"}],"about":[{"href":"https:\/\/esr-plongee.fr\/WP\/wp-json\/wp\/v2\/types\/page"}],"author":[{"embeddable":true,"href":"https:\/\/esr-plongee.fr\/WP\/wp-json\/wp\/v2\/users\/1"}],"replies":[{"embeddable":true,"href":"https:\/\/esr-plongee.fr\/WP\/wp-json\/wp\/v2\/comments?post=410"}],"version-history":[{"count":25,"href":"https:\/\/esr-plongee.fr\/WP\/wp-json\/wp\/v2\/pages\/410\/revisions"}],"predecessor-version":[{"id":3055,"href":"https:\/\/esr-plongee.fr\/WP\/wp-json\/wp\/v2\/pages\/410\/revisions\/3055"}],"wp:featuredmedia":[{"embeddable":true,"href":"https:\/\/esr-plongee.fr\/WP\/wp-json\/wp\/v2\/media\/3048"}],"wp:attachment":[{"href":"https:\/\/esr-plongee.fr\/WP\/wp-json\/wp\/v2\/media?parent=410"}],"curies":[{"name":"wp","href":"https:\/\/api.w.org\/{rel}","templated":true}]}}