{"id":606,"date":"2016-06-25T15:07:11","date_gmt":"2016-06-25T14:07:11","guid":{"rendered":"http:\/\/esr-plongee.fr\/WP\/?page_id=606"},"modified":"2025-09-22T21:28:22","modified_gmt":"2025-09-22T20:28:22","slug":"section-apnee","status":"publish","type":"page","link":"https:\/\/esr-plongee.fr\/WP\/section-apnee\/","title":{"rendered":"L&#8217;apn\u00e9e"},"content":{"rendered":"<p><strong>L\u2019apn\u00e9e est la plus ancienne et la plus simple activit\u00e9 subaquatique<\/strong><\/p>\n<p>Pratiqu\u00e9e depuis l\u2019antiquit\u00e9 pour la p\u00eache (coquillages, perles, corail \u2026), elle s\u2019\u00e9tend maintenant \u00e0 diff\u00e9rentes disciplines sportives et activit\u00e9s qui ont en commun de de pas respirer sous l\u2019eau.<\/p>\n<p>On la pratique ainsi\u00a0;<\/p>\n<p><strong>En comp\u00e9tition<\/strong> pour la recherche de records de distance, de profondeur ou de temps. Cela requiert une pr\u00e9paration physique et mentale ainsi qu\u2019un entrainement soutenu.<\/p>\n<p><strong>En loisir<\/strong> pour le plaisir des sensations et de la d\u00e9couverte du milieu subaquatique en toute libert\u00e9. C\u2019est pour cela qu\u2019on l\u2019appelle \u00e9galement <strong>plong\u00e9e libre<\/strong>.<\/p>\n<p>Et sous diff\u00e9rentes formes\u00a0:<\/p>\n<p><img data-recalc-dims=\"1\" loading=\"lazy\" decoding=\"async\" data-attachment-id=\"1773\" data-permalink=\"https:\/\/esr-plongee.fr\/WP\/section-apnee\/lanzarote_217\/\" data-orig-file=\"https:\/\/i0.wp.com\/esr-plongee.fr\/WP\/wp-content\/uploads\/Burocracie\/Lanzarote_217.jpg?fit=4000%2C3000&amp;ssl=1\" data-orig-size=\"4000,3000\" data-comments-opened=\"1\" data-image-meta=\"{&quot;aperture&quot;:&quot;2.8&quot;,&quot;credit&quot;:&quot;&quot;,&quot;camera&quot;:&quot;TG-5&quot;,&quot;caption&quot;:&quot;OLYMPUS DIGITAL CAMERA&quot;,&quot;created_timestamp&quot;:&quot;1528534105&quot;,&quot;copyright&quot;:&quot;&quot;,&quot;focal_length&quot;:&quot;4.5&quot;,&quot;iso&quot;:&quot;100&quot;,&quot;shutter_speed&quot;:&quot;0.01&quot;,&quot;title&quot;:&quot;OLYMPUS DIGITAL CAMERA&quot;,&quot;orientation&quot;:&quot;6&quot;}\" data-image-title=\"Lanzarote_217\" data-image-description=\"\" data-image-caption=\"\" data-large-file=\"https:\/\/i0.wp.com\/esr-plongee.fr\/WP\/wp-content\/uploads\/Burocracie\/Lanzarote_217.jpg?fit=474%2C356&amp;ssl=1\" class=\" wp-image-1773 alignleft\" src=\"https:\/\/i0.wp.com\/esr-plongee.fr\/WP\/wp-content\/uploads\/Burocracie\/Lanzarote_217.jpg?resize=236%2C176&#038;ssl=1\" alt=\"\" width=\"236\" height=\"176\" srcset=\"https:\/\/i0.wp.com\/esr-plongee.fr\/WP\/wp-content\/uploads\/Burocracie\/Lanzarote_217.jpg?resize=300%2C225&amp;ssl=1 300w, https:\/\/i0.wp.com\/esr-plongee.fr\/WP\/wp-content\/uploads\/Burocracie\/Lanzarote_217.jpg?resize=1024%2C768&amp;ssl=1 1024w, https:\/\/i0.wp.com\/esr-plongee.fr\/WP\/wp-content\/uploads\/Burocracie\/Lanzarote_217.jpg?w=948&amp;ssl=1 948w, https:\/\/i0.wp.com\/esr-plongee.fr\/WP\/wp-content\/uploads\/Burocracie\/Lanzarote_217.jpg?w=1422&amp;ssl=1 1422w\" sizes=\"auto, (max-width: 236px) 100vw, 236px\" \/><\/p>\n<p>En piscine ou en milieu naturel<\/p>\n<p>Avec ou sans palme. En monopalme<\/p>\n<p>En statique ou en dynamique<\/p>\n<p>En profondeur (avec un lest constant ou variable) ou en randonn\u00e9e subaquatique<\/p>\n<p>En chasse sous-marine, en natation synchronis\u00e9e, pour la photo \u2026<\/p>\n<p>Mais, l\u2019apn\u00e9e est avant tout une recherche de plaisir, de sensation et de ma\u00eetrise de soi.<\/p>\n<h2><strong><u>L\u2019apn\u00e9e \u00e0 l\u2019ESRG :<\/u><\/strong><\/h2>\n<p><img data-recalc-dims=\"1\" loading=\"lazy\" decoding=\"async\" data-attachment-id=\"1775\" data-permalink=\"https:\/\/esr-plongee.fr\/WP\/section-apnee\/logo-apnee\/\" data-orig-file=\"https:\/\/i0.wp.com\/esr-plongee.fr\/WP\/wp-content\/uploads\/Burocracie\/logo-apnee.png.jpg?fit=1600%2C1024&amp;ssl=1\" data-orig-size=\"1600,1024\" data-comments-opened=\"1\" data-image-meta=\"{&quot;aperture&quot;:&quot;0&quot;,&quot;credit&quot;:&quot;&quot;,&quot;camera&quot;:&quot;&quot;,&quot;caption&quot;:&quot;&quot;,&quot;created_timestamp&quot;:&quot;0&quot;,&quot;copyright&quot;:&quot;&quot;,&quot;focal_length&quot;:&quot;0&quot;,&quot;iso&quot;:&quot;0&quot;,&quot;shutter_speed&quot;:&quot;0&quot;,&quot;title&quot;:&quot;&quot;,&quot;orientation&quot;:&quot;0&quot;}\" data-image-title=\"logo apnee\" data-image-description=\"\" data-image-caption=\"\" data-large-file=\"https:\/\/i0.wp.com\/esr-plongee.fr\/WP\/wp-content\/uploads\/Burocracie\/logo-apnee.png.jpg?fit=474%2C303&amp;ssl=1\" class=\"wp-image-1775 alignleft\" src=\"https:\/\/i0.wp.com\/esr-plongee.fr\/WP\/wp-content\/uploads\/Burocracie\/logo-apnee.png.jpg?resize=213%2C136&#038;ssl=1\" alt=\"\" width=\"213\" height=\"136\" srcset=\"https:\/\/i0.wp.com\/esr-plongee.fr\/WP\/wp-content\/uploads\/Burocracie\/logo-apnee.png.jpg?resize=300%2C192&amp;ssl=1 300w, https:\/\/i0.wp.com\/esr-plongee.fr\/WP\/wp-content\/uploads\/Burocracie\/logo-apnee.png.jpg?resize=1024%2C655&amp;ssl=1 1024w, https:\/\/i0.wp.com\/esr-plongee.fr\/WP\/wp-content\/uploads\/Burocracie\/logo-apnee.png.jpg?w=1600&amp;ssl=1 1600w, https:\/\/i0.wp.com\/esr-plongee.fr\/WP\/wp-content\/uploads\/Burocracie\/logo-apnee.png.jpg?w=948&amp;ssl=1 948w, https:\/\/i0.wp.com\/esr-plongee.fr\/WP\/wp-content\/uploads\/Burocracie\/logo-apnee.png.jpg?w=1422&amp;ssl=1 1422w\" sizes=\"auto, (max-width: 213px) 100vw, 213px\" \/><\/p>\n<p>L\u2019activit\u00e9 est accessible \u00e0 tous. Elle comporte un entrainement physique (natation), une pr\u00e9paration \u00e0 la ma\u00eetrise de soi (relaxation, ventilation) et des apports techniques qui permettent tr\u00e8s vite de progresser. Cet entrainement a lieu \u00e0 la piscine de Meudon, en fosse, en carri\u00e8re et en mer.<\/p>\n<p>Les pratiquants sont r\u00e9partis par groupes de niveau et en fonction de leur aspiration propre.<\/p>\n<p>La section pr\u00e9pare et organise le passage des premiers <strong>niveaux d\u2019apn\u00e9istes pr\u00e9vues par la FFESSM ainsi qu\u2019au RIFAA<\/strong> (formation \u00e0 la s\u00e9curit\u00e9 et intervention en cas d\u2019accident).<\/p>\n<p>Nous organisons \u00e9galement des sorties en mer <strong>\u00e0 la rencontre du Grand Bleu.\u00a0<\/strong><\/p>\n<p><img data-recalc-dims=\"1\" loading=\"lazy\" decoding=\"async\" data-attachment-id=\"1771\" data-permalink=\"https:\/\/esr-plongee.fr\/WP\/section-apnee\/antony-12\/\" data-orig-file=\"https:\/\/i0.wp.com\/esr-plongee.fr\/WP\/wp-content\/uploads\/Burocracie\/antony-12.jpg?fit=800%2C533&amp;ssl=1\" data-orig-size=\"800,533\" data-comments-opened=\"1\" data-image-meta=\"{&quot;aperture&quot;:&quot;0&quot;,&quot;credit&quot;:&quot;&quot;,&quot;camera&quot;:&quot;&quot;,&quot;caption&quot;:&quot;&quot;,&quot;created_timestamp&quot;:&quot;0&quot;,&quot;copyright&quot;:&quot;&quot;,&quot;focal_length&quot;:&quot;0&quot;,&quot;iso&quot;:&quot;0&quot;,&quot;shutter_speed&quot;:&quot;0&quot;,&quot;title&quot;:&quot;&quot;,&quot;orientation&quot;:&quot;0&quot;}\" data-image-title=\"antony 12\" data-image-description=\"\" data-image-caption=\"\" data-large-file=\"https:\/\/i0.wp.com\/esr-plongee.fr\/WP\/wp-content\/uploads\/Burocracie\/antony-12.jpg?fit=474%2C316&amp;ssl=1\" class=\"wp-image-1771 alignright\" src=\"https:\/\/i0.wp.com\/esr-plongee.fr\/WP\/wp-content\/uploads\/Burocracie\/antony-12.jpg?resize=299%2C200&#038;ssl=1\" alt=\"\" width=\"299\" height=\"200\" srcset=\"https:\/\/i0.wp.com\/esr-plongee.fr\/WP\/wp-content\/uploads\/Burocracie\/antony-12.jpg?resize=300%2C200&amp;ssl=1 300w, https:\/\/i0.wp.com\/esr-plongee.fr\/WP\/wp-content\/uploads\/Burocracie\/antony-12.jpg?w=800&amp;ssl=1 800w\" sizes=\"auto, (max-width: 299px) 100vw, 299px\" \/><\/p>\n<p><strong>A bient\u00f4t \u2026<\/strong><\/p>\n<h2><\/h2>\n","protected":false},"excerpt":{"rendered":"<p>L\u2019apn\u00e9e est la plus ancienne et la plus simple activit\u00e9 subaquatique Pratiqu\u00e9e depuis l\u2019antiquit\u00e9 pour la p\u00eache (coquillages, perles, corail \u2026), elle s\u2019\u00e9tend maintenant \u00e0 diff\u00e9rentes disciplines sportives et activit\u00e9s qui ont en commun de de pas respirer sous l\u2019eau. On la pratique ainsi\u00a0; En comp\u00e9tition pour la recherche de records de distance, de profondeur &hellip; <a href=\"https:\/\/esr-plongee.fr\/WP\/section-apnee\/\" class=\"more-link\">Continuer la lecture de <span class=\"screen-reader-text\">L&#8217;apn\u00e9e<\/span>  <span class=\"meta-nav\">&rarr;<\/span><\/a><\/p>\n","protected":false},"author":1,"featured_media":3051,"parent":0,"menu_order":0,"comment_status":"closed","ping_status":"closed","template":"","meta":{"_bbp_topic_count":0,"_bbp_reply_count":0,"_bbp_total_topic_count":0,"_bbp_total_reply_count":0,"_bbp_voice_count":0,"_bbp_anonymous_reply_count":0,"_bbp_topic_count_hidden":0,"_bbp_reply_count_hidden":0,"_bbp_forum_subforum_count":0,"jetpack_post_was_ever_published":false,"footnotes":""},"class_list":["post-606","page","type-page","status-publish","has-post-thumbnail","hentry"],"jetpack_sharing_enabled":true,"jetpack_shortlink":"https:\/\/wp.me\/P6UHQu-9M","jetpack_likes_enabled":true,"post_mailing_queue_ids":[],"_links":{"self":[{"href":"https:\/\/esr-plongee.fr\/WP\/wp-json\/wp\/v2\/pages\/606","targetHints":{"allow":["GET"]}}],"collection":[{"href":"https:\/\/esr-plongee.fr\/WP\/wp-json\/wp\/v2\/pages"}],"about":[{"href":"https:\/\/esr-plongee.fr\/WP\/wp-json\/wp\/v2\/types\/page"}],"author":[{"embeddable":true,"href":"https:\/\/esr-plongee.fr\/WP\/wp-json\/wp\/v2\/users\/1"}],"replies":[{"embeddable":true,"href":"https:\/\/esr-plongee.fr\/WP\/wp-json\/wp\/v2\/comments?post=606"}],"version-history":[{"count":12,"href":"https:\/\/esr-plongee.fr\/WP\/wp-json\/wp\/v2\/pages\/606\/revisions"}],"predecessor-version":[{"id":3057,"href":"https:\/\/esr-plongee.fr\/WP\/wp-json\/wp\/v2\/pages\/606\/revisions\/3057"}],"wp:featuredmedia":[{"embeddable":true,"href":"https:\/\/esr-plongee.fr\/WP\/wp-json\/wp\/v2\/media\/3051"}],"wp:attachment":[{"href":"https:\/\/esr-plongee.fr\/WP\/wp-json\/wp\/v2\/media?parent=606"}],"curies":[{"name":"wp","href":"https:\/\/api.w.org\/{rel}","templated":true}]}}