{"id":615,"date":"2016-06-25T15:54:33","date_gmt":"2016-06-25T14:54:33","guid":{"rendered":"http:\/\/esr-plongee.fr\/WP\/?page_id=615"},"modified":"2025-09-22T21:15:46","modified_gmt":"2025-09-22T20:15:46","slug":"plongee","status":"publish","type":"page","link":"https:\/\/esr-plongee.fr\/WP\/plongee\/","title":{"rendered":"La plong\u00e9e"},"content":{"rendered":"<p>Notre club offre une large palette d\u2019enseignements et de niveaux<br \/>\npour la plong\u00e9e<\/p>\n<p><strong><u>Niveaux<\/u><\/strong><br \/>\n\u2013 Bapt\u00e8me: D\u00e9couverte des sensations de la plong\u00e9e<br \/>\n\u2013 Niveau 1: Plong\u00e9e encadr\u00e9e jusqu\u2019\u00e0 20m.<br \/>\n\u2013 Niveau 2: Plong\u00e9e autonome jusqu\u2019\u00e0 20m, encadr\u00e9e jusqu\u2019\u00e0 40m<br \/>\n\u2013 Niveau 3: Plong\u00e9e autonome jusqu\u2019\u00e0 60m<br \/>\n\u2013 Niveau 4: Guide de palanqu\u00e9e<br \/>\n\u2013 Initiateur E1 et E2<br \/>\n\u2013 Moniteur f\u00e9d\u00e9ral niveaux 1 et 2<br \/>\nmais aussi diverses certifications telles que RIFAP, PE40 ou Nitrox<\/p>\n<p><strong><u>Les passages de niveaux:<\/u><\/strong><br \/>\nLa section met en place des sessions de passage du niveau 1 tous les ans, \u00e0 la piscine, pour ses adh\u00e9rents.<br \/>\nConcernant les passages des niveaux 2 et 3, ceux-ci devant se d\u00e9rouler en milieu naturel, la Section organise un stage d\u2019une semaine en M\u00e9diterran\u00e9e cl\u00f4turant le cursus de formation, une ann\u00e9e sur deux (en alternance avec la sortie \u00ab mer chaude \u00bb).<br \/>\nConcernant les autres niveaux et certifications, ils se d\u00e9roulent en fonction des inscriptions et niveaux de pr\u00e9paration des pr\u00e9tendants (se renseigner aupr\u00e8s du club).<\/p>\n","protected":false},"excerpt":{"rendered":"<p>Notre club offre une large palette d\u2019enseignements et de niveaux pour la plong\u00e9e Niveaux \u2013 Bapt\u00e8me: D\u00e9couverte des sensations de la plong\u00e9e \u2013 Niveau 1: Plong\u00e9e encadr\u00e9e jusqu\u2019\u00e0 20m. \u2013 Niveau 2: Plong\u00e9e autonome jusqu\u2019\u00e0 20m, encadr\u00e9e jusqu\u2019\u00e0 40m \u2013 Niveau 3: Plong\u00e9e autonome jusqu\u2019\u00e0 60m \u2013 Niveau 4: Guide de palanqu\u00e9e \u2013 Initiateur E1 &hellip; <a href=\"https:\/\/esr-plongee.fr\/WP\/plongee\/\" class=\"more-link\">Continuer la lecture de <span class=\"screen-reader-text\">La plong\u00e9e<\/span>  <span class=\"meta-nav\">&rarr;<\/span><\/a><\/p>\n","protected":false},"author":1,"featured_media":3049,"parent":0,"menu_order":0,"comment_status":"closed","ping_status":"closed","template":"","meta":{"_bbp_topic_count":0,"_bbp_reply_count":0,"_bbp_total_topic_count":0,"_bbp_total_reply_count":0,"_bbp_voice_count":0,"_bbp_anonymous_reply_count":0,"_bbp_topic_count_hidden":0,"_bbp_reply_count_hidden":0,"_bbp_forum_subforum_count":0,"jetpack_post_was_ever_published":false,"footnotes":""},"class_list":["post-615","page","type-page","status-publish","has-post-thumbnail","hentry"],"jetpack_sharing_enabled":true,"jetpack_shortlink":"https:\/\/wp.me\/P6UHQu-9V","jetpack_likes_enabled":true,"post_mailing_queue_ids":[],"_links":{"self":[{"href":"https:\/\/esr-plongee.fr\/WP\/wp-json\/wp\/v2\/pages\/615","targetHints":{"allow":["GET"]}}],"collection":[{"href":"https:\/\/esr-plongee.fr\/WP\/wp-json\/wp\/v2\/pages"}],"about":[{"href":"https:\/\/esr-plongee.fr\/WP\/wp-json\/wp\/v2\/types\/page"}],"author":[{"embeddable":true,"href":"https:\/\/esr-plongee.fr\/WP\/wp-json\/wp\/v2\/users\/1"}],"replies":[{"embeddable":true,"href":"https:\/\/esr-plongee.fr\/WP\/wp-json\/wp\/v2\/comments?post=615"}],"version-history":[{"count":8,"href":"https:\/\/esr-plongee.fr\/WP\/wp-json\/wp\/v2\/pages\/615\/revisions"}],"predecessor-version":[{"id":3050,"href":"https:\/\/esr-plongee.fr\/WP\/wp-json\/wp\/v2\/pages\/615\/revisions\/3050"}],"wp:featuredmedia":[{"embeddable":true,"href":"https:\/\/esr-plongee.fr\/WP\/wp-json\/wp\/v2\/media\/3049"}],"wp:attachment":[{"href":"https:\/\/esr-plongee.fr\/WP\/wp-json\/wp\/v2\/media?parent=615"}],"curies":[{"name":"wp","href":"https:\/\/api.w.org\/{rel}","templated":true}]}}