{"id":72,"date":"2015-11-11T21:17:45","date_gmt":"2015-11-11T20:17:45","guid":{"rendered":"http:\/\/esr-plongee.fr\/WP\/?page_id=72"},"modified":"2025-09-23T20:40:13","modified_gmt":"2025-09-23T19:40:13","slug":"inscription","status":"publish","type":"page","link":"https:\/\/esr-plongee.fr\/WP\/club\/inscription\/","title":{"rendered":"Modalit\u00e9s d&#8217;inscription"},"content":{"rendered":"\n<p>L\u2019adh\u00e9sion s\u2019effectue en ligne via le site internet de l\u2019E.S.R.G<\/p>\n\n\n\n<p><mark>L&#8217;inscription c&#8217;est <a href=\"https:\/\/www.esrenault.fr\/index.php\/shop\/29\/products\">ici<\/a> \ud83d\ude42<\/mark><\/p>\n\n\n\n<p>Pour les renouvellements, pensez \u00e0 v\u00e9rifier et \u00e0 mettre \u00e0 jour vos coordonn\u00e9es si n\u00e9cessaire!&nbsp;<\/p>\n\n\n\n<p>Le tarif d&#8217;adh\u00e9sion \u00e0 la section incorpore l&#8217;acc\u00e8s aux activit\u00e9s de notre club (certaines n\u00e9cessitent une participation financi\u00e8re compl\u00e9mentaire)&nbsp;ainsi que la licence FFESSM.&nbsp; Le paiement se fait directement en ligne lors de l\u2019inscription \u00e0 l\u2019ESR, par un m\u00e9canisme de \u00ab panier \u00bb&nbsp; (le bureau de la Section ne g\u00e8re pas ce paiement).<br>Remarque importante : La licence offre une assurance \u00ab au tiers \u00bb mais nous conseillons&nbsp;la souscription \u00e0&nbsp;une assurance individuelle facultative (voir section Assurance du site).<\/p>\n\n\n\n<p><strong>Cotisations<\/strong><\/p>\n\n\n\n<figure class=\"wp-block-table\"><table><tbody><tr><td>Ouvrant droit et ayant droit<\/td><td>150\u20ac<\/td><\/tr><tr><td>Retrait\u00e9s<\/td><td>250\u20ac<\/td><\/tr><tr><td>Enfant moins de 16 ans ayant droit<\/td><td>80\u20ac<\/td><\/tr><tr><td>Activit\u00e9 ponctuelle non subventionn\u00e9e<\/td><td>15\u20ac<\/td><\/tr><\/tbody><\/table><\/figure>\n\n\n\n<p><strong>Licences<\/strong><\/p>\n\n\n\n<figure class=\"wp-block-table\"><table><tbody><tr><td>Licence &#8220;Adulte&#8221; (\u00e0 partir de 16 ans)<\/td><td>49\u20ac<\/td><\/tr><tr><td>Licence &#8220;Jeune&#8221; (de 12 \u00e0 16 ans)<\/td><td>31\u20ac<\/td><\/tr><tr><td>Licence &#8220;Enfant&#8221; (moins de 12 ans)<\/td><td>14\u20ac<\/td><\/tr><\/tbody><\/table><\/figure>\n\n\n\n<p><strong>Documents \u00e0 fournir<\/strong><\/p>\n\n\n\n<p>1.&nbsp;Un <strong>certificat<\/strong> de non contre-indication \u00e0 la pratique de l&#8217;activit\u00e9 de moins d&#8217;un an.<br><br>Pour la <strong>PSP<\/strong>,&nbsp;dans le cadre de la participation \u00e0 une comp\u00e9tition, le pratiquant doit pr\u00e9senter un certificat m\u00e9dical d\u2019absence de contre-indication (CACI) \u00e0 la pratique de la plong\u00e9e sportive en piscine en comp\u00e9tition<\/p>\n\n\n\n<p><br>2. Un <strong>justificatif<\/strong> de niveau pour les nouveaux arrivants d\u00e9j\u00e0 dipl\u00f4m\u00e9s, ou toute personne ayant pass\u00e9 un niveau en dehors du club (photocopie carte CMAS)<\/p>\n\n\n\n<p>Vous devrez \u00eatre inscrit(e) en bonne et due forme imp\u00e9rativement avant fin Octobre conform\u00e9ment au R\u00e8glement Int\u00e9rieur de la Section. Au-del\u00e0 de cette date, l\u2019acc\u00e8s au bassin et\/ou aux cours est suspendu dans l\u2019attente de l\u2019adh\u00e9sion valid\u00e9e.<\/p>\n\n\n\n<p><strong>Nous contacter<\/strong><\/p>\n\n\n\n<p><a href=\"mailto:brigitte.corbel@renault.com\">Brigitte Corbel<\/a> _ Pr\u00e9sidente<\/p>\n\n\n\n<p><a href=\"mailto:olivier.lehoux@renault.com\">Olivier Lehoux<\/a> _ Secr\u00e9taire<\/p>\n\n\n\n<p><a href=\"mailto:matthieu.guillemant@gmail.com\">Matthieu Guillemant<\/a> _ Secr\u00e9taire adjoint\/communication<\/p>\n\n\n\n<p><a href=\"mailto:laurent.salesse@renault.com\">Laurent Salesse<\/a> _ Responsable Apn\u00e9e<\/p>\n","protected":false},"excerpt":{"rendered":"<p>L\u2019adh\u00e9sion s\u2019effectue en ligne via le site internet de l\u2019E.S.R.G L&#8217;inscription c&#8217;est ici \ud83d\ude42 Pour les renouvellements, pensez \u00e0 v\u00e9rifier et \u00e0 mettre \u00e0 jour vos coordonn\u00e9es si n\u00e9cessaire!&nbsp; Le tarif d&#8217;adh\u00e9sion \u00e0 la section incorpore l&#8217;acc\u00e8s aux activit\u00e9s de notre club (certaines n\u00e9cessitent une participation financi\u00e8re compl\u00e9mentaire)&nbsp;ainsi que la licence FFESSM.&nbsp; Le paiement se &hellip; <a href=\"https:\/\/esr-plongee.fr\/WP\/club\/inscription\/\" class=\"more-link\">Continuer la lecture de <span class=\"screen-reader-text\">Modalit\u00e9s d&#8217;inscription<\/span>  <span class=\"meta-nav\">&rarr;<\/span><\/a><\/p>\n","protected":false},"author":1,"featured_media":0,"parent":69,"menu_order":0,"comment_status":"closed","ping_status":"closed","template":"","meta":{"_bbp_topic_count":0,"_bbp_reply_count":0,"_bbp_total_topic_count":0,"_bbp_total_reply_count":0,"_bbp_voice_count":0,"_bbp_anonymous_reply_count":0,"_bbp_topic_count_hidden":0,"_bbp_reply_count_hidden":0,"_bbp_forum_subforum_count":0,"jetpack_post_was_ever_published":false,"footnotes":""},"class_list":["post-72","page","type-page","status-publish","hentry"],"jetpack_sharing_enabled":true,"jetpack_shortlink":"https:\/\/wp.me\/P6UHQu-1a","jetpack_likes_enabled":true,"post_mailing_queue_ids":[],"_links":{"self":[{"href":"https:\/\/esr-plongee.fr\/WP\/wp-json\/wp\/v2\/pages\/72","targetHints":{"allow":["GET"]}}],"collection":[{"href":"https:\/\/esr-plongee.fr\/WP\/wp-json\/wp\/v2\/pages"}],"about":[{"href":"https:\/\/esr-plongee.fr\/WP\/wp-json\/wp\/v2\/types\/page"}],"author":[{"embeddable":true,"href":"https:\/\/esr-plongee.fr\/WP\/wp-json\/wp\/v2\/users\/1"}],"replies":[{"embeddable":true,"href":"https:\/\/esr-plongee.fr\/WP\/wp-json\/wp\/v2\/comments?post=72"}],"version-history":[{"count":25,"href":"https:\/\/esr-plongee.fr\/WP\/wp-json\/wp\/v2\/pages\/72\/revisions"}],"predecessor-version":[{"id":3068,"href":"https:\/\/esr-plongee.fr\/WP\/wp-json\/wp\/v2\/pages\/72\/revisions\/3068"}],"up":[{"embeddable":true,"href":"https:\/\/esr-plongee.fr\/WP\/wp-json\/wp\/v2\/pages\/69"}],"wp:attachment":[{"href":"https:\/\/esr-plongee.fr\/WP\/wp-json\/wp\/v2\/media?parent=72"}],"curies":[{"name":"wp","href":"https:\/\/api.w.org\/{rel}","templated":true}]}}